{"id":2153,"date":"2020-10-10T06:10:10","date_gmt":"2020-10-10T11:10:10","guid":{"rendered":"https:\/\/lighttrim.com\/?page_id=2153"},"modified":"2023-11-20T13:23:38","modified_gmt":"2023-11-20T18:23:38","slug":"faq","status":"publish","type":"page","link":"https:\/\/lighttrim.com\/fr\/faq\/","title":{"rendered":"FAQ"},"content":{"rendered":"<div id=\"cs-content\" class=\"cs-content\"><\/div>\n","protected":false},"excerpt":{"rendered":"<p>AccueilFAQFAQFAQ ToutMouluresPeinturesVisOffrez-vous des vis autres que celles qu&#8217;on retrouve dans votre catalogue?Oui, sur demande. Nous offrons un large \u00e9ventail de vis pour soffite, rev\u00eatement, panneau de fibrociment, etc. Communiquez avec nous pour plus de d\u00e9tails.Quel embout recommandez-vous pour la vis \u00e0 t\u00eate cruciforme Phillips ?Nous recommandons l&#8217;embout Phillips n\u00ba 2.Est-ce qu&#8217;on doit pr\u00e9-percer les panneaux de fibrociment avant de visser &#8230; <\/p>\n<div><a href=\"https:\/\/lighttrim.com\/fr\/ou-sont-fabriquees-les-moulures\/\" class=\"more-link\">Read More<\/a><\/div>\n","protected":false},"author":8,"featured_media":0,"parent":0,"menu_order":0,"comment_status":"closed","ping_status":"closed","template":"","meta":{"inline_featured_image":false,"cybocfi_hide_featured_image":"","footnotes":""},"categories":[],"tags":[],"class_list":["post-2153","page","type-page","status-publish","hentry","no-post-thumbnail"],"jetpack_sharing_enabled":true,"_links":{"self":[{"href":"https:\/\/lighttrim.com\/fr\/wp-json\/wp\/v2\/pages\/2153","targetHints":{"allow":["GET"]}}],"collection":[{"href":"https:\/\/lighttrim.com\/fr\/wp-json\/wp\/v2\/pages"}],"about":[{"href":"https:\/\/lighttrim.com\/fr\/wp-json\/wp\/v2\/types\/page"}],"author":[{"embeddable":true,"href":"https:\/\/lighttrim.com\/fr\/wp-json\/wp\/v2\/users\/8"}],"replies":[{"embeddable":true,"href":"https:\/\/lighttrim.com\/fr\/wp-json\/wp\/v2\/comments?post=2153"}],"version-history":[{"count":64,"href":"https:\/\/lighttrim.com\/fr\/wp-json\/wp\/v2\/pages\/2153\/revisions"}],"predecessor-version":[{"id":20643,"href":"https:\/\/lighttrim.com\/fr\/wp-json\/wp\/v2\/pages\/2153\/revisions\/20643"}],"wp:attachment":[{"href":"https:\/\/lighttrim.com\/fr\/wp-json\/wp\/v2\/media?parent=2153"}],"wp:term":[{"taxonomy":"category","embeddable":true,"href":"https:\/\/lighttrim.com\/fr\/wp-json\/wp\/v2\/categories?post=2153"},{"taxonomy":"post_tag","embeddable":true,"href":"https:\/\/lighttrim.com\/fr\/wp-json\/wp\/v2\/tags?post=2153"}],"curies":[{"name":"wp","href":"https:\/\/api.w.org\/{rel}","templated":true}]}}