{"id":346,"date":"2018-10-29T11:50:51","date_gmt":"2018-10-29T16:50:51","guid":{"rendered":"https:\/\/lighttrim.com\/?page_id=346"},"modified":"2026-04-28T10:30:43","modified_gmt":"2026-04-28T15:30:43","slug":"produit-moulures-revetement","status":"publish","type":"page","link":"https:\/\/lighttrim.com\/fr\/produit-moulures-revetement\/","title":{"rendered":"Nos produits"},"content":{"rendered":"<div id=\"cs-content\" class=\"cs-content\"><\/div>\n","protected":false},"excerpt":{"rendered":"<p>AccueilNos produitsNOS PRODUITS Les moulures Light Trim pour rev&ecirc;tement en fibrociment sont synonymes d&rsquo;&eacute;l&eacute;gance et de durabilit&eacute;.Moulures pour panneaux 5\/16 po &#8211; HARDIEPANEL\u00ae de JAMES HARDIE Nos moulures des collections Shadow et Bold, ainsi que nos moulures compl\u00e9mentaires sont synonymes d&#8217;\u00e9l\u00e9gance et de durabilit\u00e9. Con\u00e7ues exclusivement pour le rev\u00eatement de fibrociment.VOIR NOS PRODUITSMoulures pour d\u00e9clin 3\/4 po &#8211; HARDIEPLANK\u00ae de &#8230; <\/p>\n<div><a href=\"https:\/\/lighttrim.com\/fr\/produit-moulures-revetement\/\" class=\"more-link\">Read More<\/a><\/div>\n","protected":false},"author":8,"featured_media":0,"parent":0,"menu_order":0,"comment_status":"closed","ping_status":"closed","template":"","meta":{"inline_featured_image":false,"cybocfi_hide_featured_image":"","footnotes":""},"categories":[],"tags":[],"class_list":["post-346","page","type-page","status-publish","hentry","no-post-thumbnail"],"jetpack_sharing_enabled":true,"_links":{"self":[{"href":"https:\/\/lighttrim.com\/fr\/wp-json\/wp\/v2\/pages\/346","targetHints":{"allow":["GET"]}}],"collection":[{"href":"https:\/\/lighttrim.com\/fr\/wp-json\/wp\/v2\/pages"}],"about":[{"href":"https:\/\/lighttrim.com\/fr\/wp-json\/wp\/v2\/types\/page"}],"author":[{"embeddable":true,"href":"https:\/\/lighttrim.com\/fr\/wp-json\/wp\/v2\/users\/8"}],"replies":[{"embeddable":true,"href":"https:\/\/lighttrim.com\/fr\/wp-json\/wp\/v2\/comments?post=346"}],"version-history":[{"count":178,"href":"https:\/\/lighttrim.com\/fr\/wp-json\/wp\/v2\/pages\/346\/revisions"}],"predecessor-version":[{"id":26783,"href":"https:\/\/lighttrim.com\/fr\/wp-json\/wp\/v2\/pages\/346\/revisions\/26783"}],"wp:attachment":[{"href":"https:\/\/lighttrim.com\/fr\/wp-json\/wp\/v2\/media?parent=346"}],"wp:term":[{"taxonomy":"category","embeddable":true,"href":"https:\/\/lighttrim.com\/fr\/wp-json\/wp\/v2\/categories?post=346"},{"taxonomy":"post_tag","embeddable":true,"href":"https:\/\/lighttrim.com\/fr\/wp-json\/wp\/v2\/tags?post=346"}],"curies":[{"name":"wp","href":"https:\/\/api.w.org\/{rel}","templated":true}]}}