{"id":378,"date":"2018-10-29T13:00:55","date_gmt":"2018-10-29T18:00:55","guid":{"rendered":"https:\/\/lighttrim.com\/?page_id=378"},"modified":"2025-04-30T14:23:49","modified_gmt":"2025-04-30T19:23:49","slug":"contact","status":"publish","type":"page","link":"https:\/\/lighttrim.com\/fr\/contact\/","title":{"rendered":"Contact"},"content":{"rendered":"<div id=\"cs-content\" class=\"cs-content\"><\/div>\n","protected":false},"excerpt":{"rendered":"<p>AccueilContactContactContact Veuillez activer JavaScript dans votre navigateur pour remplir ce formulaire.Courriel *Nom *T\u00e9l\u00e9phone *Message *Soumettre Ventes et services pour l&#8217;Am\u00e9rique du Nord 1-866-218-6897 \u00c9tats-Unis S\u00e9bastien Boivert Directeur g\u00e9n\u00e9ral 1-866-218-6897 Colombie-Britannique \u2022 Alberta Cole Hansen Repr\u00e9sentant 604 833-3291 Manitoba et Saskatchewan Sebastien Boivert Directeur g\u00e9n\u00e9ral 1-866-218-6897 Ontario S\u00e9bastien Boivert Directeur g\u00e9n\u00e9ral 1-866-218-6897 Quebec S\u00e9bastien Boivert Directeur g\u00e9n\u00e9ral 1-866-218-6897 Maritimes S\u00e9bastien Boivert &#8230; <\/p>\n<div><a href=\"https:\/\/lighttrim.com\/fr\/contact\/\" class=\"more-link\">Read More<\/a><\/div>\n","protected":false},"author":8,"featured_media":0,"parent":0,"menu_order":0,"comment_status":"closed","ping_status":"closed","template":"","meta":{"inline_featured_image":false,"cybocfi_hide_featured_image":"","footnotes":""},"categories":[],"tags":[],"class_list":["post-378","page","type-page","status-publish","hentry","no-post-thumbnail"],"jetpack_sharing_enabled":true,"_links":{"self":[{"href":"https:\/\/lighttrim.com\/fr\/wp-json\/wp\/v2\/pages\/378","targetHints":{"allow":["GET"]}}],"collection":[{"href":"https:\/\/lighttrim.com\/fr\/wp-json\/wp\/v2\/pages"}],"about":[{"href":"https:\/\/lighttrim.com\/fr\/wp-json\/wp\/v2\/types\/page"}],"author":[{"embeddable":true,"href":"https:\/\/lighttrim.com\/fr\/wp-json\/wp\/v2\/users\/8"}],"replies":[{"embeddable":true,"href":"https:\/\/lighttrim.com\/fr\/wp-json\/wp\/v2\/comments?post=378"}],"version-history":[{"count":72,"href":"https:\/\/lighttrim.com\/fr\/wp-json\/wp\/v2\/pages\/378\/revisions"}],"predecessor-version":[{"id":25639,"href":"https:\/\/lighttrim.com\/fr\/wp-json\/wp\/v2\/pages\/378\/revisions\/25639"}],"wp:attachment":[{"href":"https:\/\/lighttrim.com\/fr\/wp-json\/wp\/v2\/media?parent=378"}],"wp:term":[{"taxonomy":"category","embeddable":true,"href":"https:\/\/lighttrim.com\/fr\/wp-json\/wp\/v2\/categories?post=378"},{"taxonomy":"post_tag","embeddable":true,"href":"https:\/\/lighttrim.com\/fr\/wp-json\/wp\/v2\/tags?post=378"}],"curies":[{"name":"wp","href":"https:\/\/api.w.org\/{rel}","templated":true}]}}