{"id":5,"date":"2017-09-12T12:35:53","date_gmt":"2017-09-12T17:35:53","guid":{"rendered":"https:\/\/demos.artbees.net\/jupiter\/zethus\/?page_id=5"},"modified":"2026-03-18T08:05:00","modified_gmt":"2026-03-18T13:05:00","slug":"moulures-solins-revetements","status":"publish","type":"page","link":"https:\/\/lighttrim.com\/fr\/","title":{"rendered":"Accueil"},"content":{"rendered":"<div id=\"cs-content\" class=\"cs-content\"><\/div>\n","protected":false},"excerpt":{"rendered":"<p>La combinaison parfaite pour vos produits Fait d&#8217;aluminum canadien \u00e0 100% Nos produitsCon\u00e7ues et fabriqu\u00e9es au Qu\u00e9bec !Notre catalogueCatalogue TechniqueSOUMISSIONDites-nous vos projetsNos CouleursBeaucoup de choixDISTRIBUTEURSPr\u00e8s de chez vousJours de livraison 0Pour les couleurs James HardieInstallation simple, facile et rapide Les moulures et les vis Light Trim sont con\u00e7ues sp\u00e9cialement pour faciliter et r\u00e9duire le temps d\u2019assemblage. Un vrai jeu d\u2019enfants &#8230; <\/p>\n<div><a href=\"https:\/\/lighttrim.com\/fr\/\" class=\"more-link\">Read More<\/a><\/div>\n","protected":false},"author":8,"featured_media":0,"parent":0,"menu_order":0,"comment_status":"closed","ping_status":"closed","template":"","meta":{"inline_featured_image":false,"cybocfi_hide_featured_image":"","footnotes":""},"categories":[],"tags":[],"class_list":["post-5","page","type-page","status-publish","hentry","no-post-thumbnail"],"jetpack_sharing_enabled":true,"_links":{"self":[{"href":"https:\/\/lighttrim.com\/fr\/wp-json\/wp\/v2\/pages\/5","targetHints":{"allow":["GET"]}}],"collection":[{"href":"https:\/\/lighttrim.com\/fr\/wp-json\/wp\/v2\/pages"}],"about":[{"href":"https:\/\/lighttrim.com\/fr\/wp-json\/wp\/v2\/types\/page"}],"author":[{"embeddable":true,"href":"https:\/\/lighttrim.com\/fr\/wp-json\/wp\/v2\/users\/8"}],"replies":[{"embeddable":true,"href":"https:\/\/lighttrim.com\/fr\/wp-json\/wp\/v2\/comments?post=5"}],"version-history":[{"count":122,"href":"https:\/\/lighttrim.com\/fr\/wp-json\/wp\/v2\/pages\/5\/revisions"}],"predecessor-version":[{"id":26764,"href":"https:\/\/lighttrim.com\/fr\/wp-json\/wp\/v2\/pages\/5\/revisions\/26764"}],"wp:attachment":[{"href":"https:\/\/lighttrim.com\/fr\/wp-json\/wp\/v2\/media?parent=5"}],"wp:term":[{"taxonomy":"category","embeddable":true,"href":"https:\/\/lighttrim.com\/fr\/wp-json\/wp\/v2\/categories?post=5"},{"taxonomy":"post_tag","embeddable":true,"href":"https:\/\/lighttrim.com\/fr\/wp-json\/wp\/v2\/tags?post=5"}],"curies":[{"name":"wp","href":"https:\/\/api.w.org\/{rel}","templated":true}]}}