{"id":7103,"date":"2022-08-29T10:12:13","date_gmt":"2022-08-29T15:12:13","guid":{"rendered":"https:\/\/lighttrim.com\/?page_id=7103"},"modified":"2023-11-20T15:40:48","modified_gmt":"2023-11-20T20:40:48","slug":"charte-de-couleurs","status":"publish","type":"page","link":"https:\/\/lighttrim.com\/fr\/charte-de-couleurs\/","title":{"rendered":"Charte de couleurs"},"content":{"rendered":"<div id=\"cs-content\" class=\"cs-content\"><\/div>\n","protected":false},"excerpt":{"rendered":"<p>Charte de couleursCharte de couleurs ToutCouleur Light TrimCouleur personnalis\u00e9James Hardie MagnoliaJames Hardie StatementBlanc Light TrimNoir Light TrimGris Brillant Light TrimPersonnalis\u00e9Blanc ArctiqueBrun KakiBeige NavajoPierre des ChampsGris PerleTaupe Monterey\u00c9corceSaugeBrume L\u00e9g\u00e8reBleu AcierBleu Soir\u00e9eBleu Oc\u00e9anEspressoRouge CampagnardGris FerNoir Minuit\u00c9tain VieilliGris ArdoiseGris NocturneSuie NoireSentier Escarp\u00e9Route RustiqueEucalyptus Sech\u00e9Derni\u00e8res BraisesArgile ChaudePav\u00e9 de PierreL&#8217;air du ThymFr\u00eane \u00c9pineuxVert Cisel\u00e9BouleauMarches d&#8217;ArdoisePlage de PierreFalaises \u00c9rod\u00e9esVert Fl\u00e2nerieVasi\u00e8reSicoFabrication St-LaurentSherwin WilliamsBenjamin MooreBetonelFinexGentekVicwestWoodtoneKaycanRoyalWestformFisher CoatingCascadia MetalsRALPantonePeinture CloverdalePeinture &#8230; <\/p>\n<div><a href=\"https:\/\/lighttrim.com\/fr\/peinture-mf\/\" class=\"more-link\">Read More<\/a><\/div>\n","protected":false},"author":8,"featured_media":0,"parent":0,"menu_order":0,"comment_status":"closed","ping_status":"closed","template":"","meta":{"inline_featured_image":false,"cybocfi_hide_featured_image":"","footnotes":""},"categories":[],"tags":[],"class_list":["post-7103","page","type-page","status-publish","hentry","no-post-thumbnail"],"jetpack_sharing_enabled":true,"_links":{"self":[{"href":"https:\/\/lighttrim.com\/fr\/wp-json\/wp\/v2\/pages\/7103","targetHints":{"allow":["GET"]}}],"collection":[{"href":"https:\/\/lighttrim.com\/fr\/wp-json\/wp\/v2\/pages"}],"about":[{"href":"https:\/\/lighttrim.com\/fr\/wp-json\/wp\/v2\/types\/page"}],"author":[{"embeddable":true,"href":"https:\/\/lighttrim.com\/fr\/wp-json\/wp\/v2\/users\/8"}],"replies":[{"embeddable":true,"href":"https:\/\/lighttrim.com\/fr\/wp-json\/wp\/v2\/comments?post=7103"}],"version-history":[{"count":41,"href":"https:\/\/lighttrim.com\/fr\/wp-json\/wp\/v2\/pages\/7103\/revisions"}],"predecessor-version":[{"id":20678,"href":"https:\/\/lighttrim.com\/fr\/wp-json\/wp\/v2\/pages\/7103\/revisions\/20678"}],"wp:attachment":[{"href":"https:\/\/lighttrim.com\/fr\/wp-json\/wp\/v2\/media?parent=7103"}],"wp:term":[{"taxonomy":"category","embeddable":true,"href":"https:\/\/lighttrim.com\/fr\/wp-json\/wp\/v2\/categories?post=7103"},{"taxonomy":"post_tag","embeddable":true,"href":"https:\/\/lighttrim.com\/fr\/wp-json\/wp\/v2\/tags?post=7103"}],"curies":[{"name":"wp","href":"https:\/\/api.w.org\/{rel}","templated":true}]}}