{"id":8740,"date":"2022-11-02T13:30:05","date_gmt":"2022-11-02T18:30:05","guid":{"rendered":"https:\/\/lighttrim.com\/?page_id=8740"},"modified":"2024-04-02T09:34:09","modified_gmt":"2024-04-02T14:34:09","slug":"echantillon","status":"publish","type":"page","link":"https:\/\/lighttrim.com\/fr\/echantillon\/","title":{"rendered":"\u00c9chantillon"},"content":{"rendered":"<div id=\"cs-content\" class=\"cs-content\"><\/div>\n","protected":false},"excerpt":{"rendered":"<p>Accueil\u00c9chantillons\u00c9chantillon Notre expertise acquise dans nos moulures permet de garantir votre satisfactions sur nos produits. Voyez et testez la qualit\u00e9 du produit par vous-m\u00eame. Commandez notre bo\u00eete d\u2019\u00e9chantillon gratuite.Si vous d\u00e9sirez un catalogue en version num\u00e9rique, cliquez ICI. C&#8217;est gratuit !Veuillez activer JavaScript dans votre navigateur pour remplir ce formulaire.Courriel *Nom *T\u00e9l\u00e9phone *Nom du projetLocalisation de votre projetParlez-nous de votre &#8230; <\/p>\n<div><a href=\"https:\/\/lighttrim.com\/fr\/echantillon\/\" class=\"more-link\">Read More<\/a><\/div>\n","protected":false},"author":8,"featured_media":0,"parent":0,"menu_order":0,"comment_status":"closed","ping_status":"closed","template":"","meta":{"inline_featured_image":false,"cybocfi_hide_featured_image":"","footnotes":""},"categories":[],"tags":[],"class_list":["post-8740","page","type-page","status-publish","hentry","no-post-thumbnail"],"jetpack_sharing_enabled":true,"_links":{"self":[{"href":"https:\/\/lighttrim.com\/fr\/wp-json\/wp\/v2\/pages\/8740","targetHints":{"allow":["GET"]}}],"collection":[{"href":"https:\/\/lighttrim.com\/fr\/wp-json\/wp\/v2\/pages"}],"about":[{"href":"https:\/\/lighttrim.com\/fr\/wp-json\/wp\/v2\/types\/page"}],"author":[{"embeddable":true,"href":"https:\/\/lighttrim.com\/fr\/wp-json\/wp\/v2\/users\/8"}],"replies":[{"embeddable":true,"href":"https:\/\/lighttrim.com\/fr\/wp-json\/wp\/v2\/comments?post=8740"}],"version-history":[{"count":8,"href":"https:\/\/lighttrim.com\/fr\/wp-json\/wp\/v2\/pages\/8740\/revisions"}],"predecessor-version":[{"id":21485,"href":"https:\/\/lighttrim.com\/fr\/wp-json\/wp\/v2\/pages\/8740\/revisions\/21485"}],"wp:attachment":[{"href":"https:\/\/lighttrim.com\/fr\/wp-json\/wp\/v2\/media?parent=8740"}],"wp:term":[{"taxonomy":"category","embeddable":true,"href":"https:\/\/lighttrim.com\/fr\/wp-json\/wp\/v2\/categories?post=8740"},{"taxonomy":"post_tag","embeddable":true,"href":"https:\/\/lighttrim.com\/fr\/wp-json\/wp\/v2\/tags?post=8740"}],"curies":[{"name":"wp","href":"https:\/\/api.w.org\/{rel}","templated":true}]}}