{"id":9340,"date":"2023-01-17T10:34:01","date_gmt":"2023-01-17T15:34:01","guid":{"rendered":"https:\/\/lighttrim.com\/?page_id=9340"},"modified":"2024-12-17T14:40:47","modified_gmt":"2024-12-17T19:40:47","slug":"moulures-5-16-po-pour-panneaux","status":"publish","type":"page","link":"https:\/\/lighttrim.com\/fr\/moulures-5-16-po-pour-panneaux\/","title":{"rendered":"Moulures 5\/16 po pour panneaux"},"content":{"rendered":"<div id=\"cs-content\" class=\"cs-content\"><\/div>\n","protected":false},"excerpt":{"rendered":"<p>AccueilNos produitsAccueilNos produitsMoulures 5\/16 po pour panneauxMoulures 5\/16 po pour panneauxMoulures pour panneaux HARDIEPANEL&reg; 5\/16 po de JAMES HARDIE Collection SHADOW Une collection o\u00f9 la ligne la plus fine est privil\u00e9gi\u00e9e, les contours des panneaux sont d\u00e9finis par un l\u00e9ger ombrage.H001 SHADOW Moulure horizontale SHADOW pour panneaux en fibrociment 5\/16 poEN SAVOIR PLUSJ002 SHADOW Moulure en J universelle SHADOW clip &#8230; <\/p>\n<div><a href=\"https:\/\/lighttrim.com\/fr\/moulures-5-16-po-pour-panneaux\/\" class=\"more-link\">Read More<\/a><\/div>\n","protected":false},"author":8,"featured_media":0,"parent":0,"menu_order":0,"comment_status":"closed","ping_status":"closed","template":"","meta":{"inline_featured_image":false,"cybocfi_hide_featured_image":"","footnotes":""},"categories":[],"tags":[],"class_list":["post-9340","page","type-page","status-publish","hentry","no-post-thumbnail"],"jetpack_sharing_enabled":true,"_links":{"self":[{"href":"https:\/\/lighttrim.com\/fr\/wp-json\/wp\/v2\/pages\/9340","targetHints":{"allow":["GET"]}}],"collection":[{"href":"https:\/\/lighttrim.com\/fr\/wp-json\/wp\/v2\/pages"}],"about":[{"href":"https:\/\/lighttrim.com\/fr\/wp-json\/wp\/v2\/types\/page"}],"author":[{"embeddable":true,"href":"https:\/\/lighttrim.com\/fr\/wp-json\/wp\/v2\/users\/8"}],"replies":[{"embeddable":true,"href":"https:\/\/lighttrim.com\/fr\/wp-json\/wp\/v2\/comments?post=9340"}],"version-history":[{"count":38,"href":"https:\/\/lighttrim.com\/fr\/wp-json\/wp\/v2\/pages\/9340\/revisions"}],"predecessor-version":[{"id":25430,"href":"https:\/\/lighttrim.com\/fr\/wp-json\/wp\/v2\/pages\/9340\/revisions\/25430"}],"wp:attachment":[{"href":"https:\/\/lighttrim.com\/fr\/wp-json\/wp\/v2\/media?parent=9340"}],"wp:term":[{"taxonomy":"category","embeddable":true,"href":"https:\/\/lighttrim.com\/fr\/wp-json\/wp\/v2\/categories?post=9340"},{"taxonomy":"post_tag","embeddable":true,"href":"https:\/\/lighttrim.com\/fr\/wp-json\/wp\/v2\/tags?post=9340"}],"curies":[{"name":"wp","href":"https:\/\/api.w.org\/{rel}","templated":true}]}}