{"id":19037,"date":"2023-10-10T12:47:32","date_gmt":"2023-10-10T17:47:32","guid":{"rendered":"https:\/\/lighttrim.com\/?post_type=product&#038;p=19037"},"modified":"2025-09-09T08:27:50","modified_gmt":"2025-09-09T13:27:50","slug":"clous-etf-a-tige-lisse","status":"publish","type":"product","link":"https:\/\/lighttrim.com\/fr\/produit\/clous-etf-a-tige-lisse\/","title":{"rendered":"Clous ET&#038;F \u00e0 tige lisse (B\u00e9ton)"},"content":{"rendered":"<p>Les broches \u00e0 tige lisse de la s\u00e9rie ASM-144 sont couramment utilis\u00e9es pour la fixation sur des substrats en b\u00e9ton ou en ma\u00e7onnerie. Les installateurs de parquet utilisent ces clous pour fixer le contreplaqu\u00e9. Voir le rapport <a href=\"https:\/\/lighttrim.com\/wp-content\/uploads\/2023\/10\/ICC-ES-Report-ESR-2290.pdf\">ICC ESR-2290<\/a> pour conna\u00eetre les valeurs de conception pour la fixation du rev\u00eatement en fibrociment James Hardie \u00e0 la ma\u00e7onnerie.<\/p>\n<ul>\n<li>Pour d\u00e9clin de fibrociment sur latte en bois ou acier<\/li>\n<li>Sp\u00e9cifications des clous : 1 1\/4<\/li>\n<li>Clous \u00e0 tige lisse<\/li>\n<li>Boite de 2000 clous (chaque boite contient 10 bobines de 200 clous)<\/li>\n<li>ASM-144-0125<\/li>\n<li>Pour fusil \u00e0 clou ET&amp;F mod\u00e8le 710<\/li>\n<\/ul>\n","protected":false},"excerpt":{"rendered":"<p>Les broches \u00e0 tige lisse de la s\u00e9rie ASM-144 sont couramment utilis\u00e9es pour la fixation sur des substrats en b\u00e9ton ou en ma\u00e7onnerie. Les installateurs de parquet utilisent ces clous pour fixer le contreplaqu\u00e9. Voir le rapport ICC ESR-2290 pour conna\u00eetre les valeurs de conception pour la fixation du rev\u00eatement en fibrociment James Hardie \u00e0 la ma\u00e7onnerie. Pour d\u00e9clin de &#8230; <\/p>\n<div><a href=\"https:\/\/lighttrim.com\/fr\/produit\/clous-etf-a-tige-lisse\/\" class=\"more-link\">Read More<\/a><\/div>\n","protected":false},"featured_media":19021,"template":"","meta":{"inline_featured_image":false,"cybocfi_hide_featured_image":""},"product_brand":[],"product_cat":[256],"product_tag":[],"class_list":{"0":"post-19037","1":"product","2":"type-product","3":"status-publish","4":"has-post-thumbnail","6":"product_cat-cloueuses","9":"first","10":"instock","11":"taxable","12":"shipping-taxable","13":"purchasable","14":"product-type-variable"},"jetpack_sharing_enabled":true,"_links":{"self":[{"href":"https:\/\/lighttrim.com\/fr\/wp-json\/wp\/v2\/product\/19037","targetHints":{"allow":["GET"]}}],"collection":[{"href":"https:\/\/lighttrim.com\/fr\/wp-json\/wp\/v2\/product"}],"about":[{"href":"https:\/\/lighttrim.com\/fr\/wp-json\/wp\/v2\/types\/product"}],"wp:featuredmedia":[{"embeddable":true,"href":"https:\/\/lighttrim.com\/fr\/wp-json\/wp\/v2\/media\/19021"}],"wp:attachment":[{"href":"https:\/\/lighttrim.com\/fr\/wp-json\/wp\/v2\/media?parent=19037"}],"wp:term":[{"taxonomy":"product_brand","embeddable":true,"href":"https:\/\/lighttrim.com\/fr\/wp-json\/wp\/v2\/product_brand?post=19037"},{"taxonomy":"product_cat","embeddable":true,"href":"https:\/\/lighttrim.com\/fr\/wp-json\/wp\/v2\/product_cat?post=19037"},{"taxonomy":"product_tag","embeddable":true,"href":"https:\/\/lighttrim.com\/fr\/wp-json\/wp\/v2\/product_tag?post=19037"}],"curies":[{"name":"wp","href":"https:\/\/api.w.org\/{rel}","templated":true}]}}