{"id":23895,"date":"2024-11-08T13:22:34","date_gmt":"2024-11-08T18:22:34","guid":{"rendered":"https:\/\/lighttrim.com\/?post_type=product&#038;p=23895"},"modified":"2025-10-10T09:53:47","modified_gmt":"2025-10-10T14:53:47","slug":"vis-light-trim-torx-10-de-couleur-en-acier-inoxydable-pour-bois","status":"publish","type":"product","link":"https:\/\/lighttrim.com\/fr\/produit\/vis-light-trim-torx-10-de-couleur-en-acier-inoxydable-pour-bois\/","title":{"rendered":"Vis de couleur Light Trim #10 &#8211; Type S (Bois) &#8211; Acier Inoxydable &#8211; T\u00eate Torx"},"content":{"rendered":"<p>Nos vis color\u00e9es en acier inoxydable pour lattes de bois offrent la meilleure solution pour votre rev\u00eatement James Hardie\u2122 HardiePanel\u00ae.<\/p>\n<ul>\n<li>Vis \u00e0 bois #10<\/li>\n<li>T\u00eate en forme de d\u00f4me \u00e0 profil bas pour une apparence esth\u00e9tique<\/li>\n<li>Embout TORX &#8211; (un embout T20W est requis)<\/li>\n<li>L&#8217;acier inoxydable 304 offre une r\u00e9sistance maximale \u00e0 la corrosion<\/li>\n<li>Bo\u00eete de 200<\/li>\n<li>Code de produit : VTSSS10112<\/li>\n<\/ul>\n","protected":false},"excerpt":{"rendered":"<p>Nos vis color\u00e9es en acier inoxydable pour lattes de bois offrent la meilleure solution pour votre rev\u00eatement James Hardie\u2122 HardiePanel\u00ae. Vis \u00e0 bois #10 T\u00eate en forme de d\u00f4me \u00e0 profil bas pour une apparence esth\u00e9tique Embout TORX &#8211; (un embout T20W est requis) L&#8217;acier inoxydable 304 offre une r\u00e9sistance maximale \u00e0 la corrosion Bo\u00eete de 200 Code de produit &#8230; <\/p>\n<div><a href=\"https:\/\/lighttrim.com\/fr\/produit\/vis-light-trim-torx-10-de-couleur-en-acier-inoxydable-pour-bois\/\" class=\"more-link\">Read More<\/a><\/div>\n","protected":false},"featured_media":23844,"template":"","meta":{"inline_featured_image":false,"cybocfi_hide_featured_image":""},"product_brand":[],"product_cat":[90,88],"product_tag":[],"class_list":{"0":"post-23895","1":"product","2":"type-product","3":"status-publish","4":"has-post-thumbnail","6":"product_cat-attaches-et-outils","7":"product_cat-vis-pour-hardie-panel","10":"first","11":"instock","12":"taxable","13":"shipping-taxable","14":"purchasable","15":"product-type-variable","16":"has-default-attributes"},"jetpack_sharing_enabled":true,"_links":{"self":[{"href":"https:\/\/lighttrim.com\/fr\/wp-json\/wp\/v2\/product\/23895","targetHints":{"allow":["GET"]}}],"collection":[{"href":"https:\/\/lighttrim.com\/fr\/wp-json\/wp\/v2\/product"}],"about":[{"href":"https:\/\/lighttrim.com\/fr\/wp-json\/wp\/v2\/types\/product"}],"wp:featuredmedia":[{"embeddable":true,"href":"https:\/\/lighttrim.com\/fr\/wp-json\/wp\/v2\/media\/23844"}],"wp:attachment":[{"href":"https:\/\/lighttrim.com\/fr\/wp-json\/wp\/v2\/media?parent=23895"}],"wp:term":[{"taxonomy":"product_brand","embeddable":true,"href":"https:\/\/lighttrim.com\/fr\/wp-json\/wp\/v2\/product_brand?post=23895"},{"taxonomy":"product_cat","embeddable":true,"href":"https:\/\/lighttrim.com\/fr\/wp-json\/wp\/v2\/product_cat?post=23895"},{"taxonomy":"product_tag","embeddable":true,"href":"https:\/\/lighttrim.com\/fr\/wp-json\/wp\/v2\/product_tag?post=23895"}],"curies":[{"name":"wp","href":"https:\/\/api.w.org\/{rel}","templated":true}]}}