{"id":24388,"date":"2024-11-12T09:18:24","date_gmt":"2024-11-12T14:18:24","guid":{"rendered":"https:\/\/lighttrim.com\/?post_type=product&#038;p=24388"},"modified":"2024-12-11T13:49:54","modified_gmt":"2024-12-11T18:49:54","slug":"moulure-james-hardie-c004-xl-light-trim-revetement-fibrociment","status":"publish","type":"product","link":"https:\/\/lighttrim.com\/fr\/produit\/moulure-james-hardie-c004-xl-light-trim-revetement-fibrociment\/","title":{"rendered":"C004XL"},"content":{"rendered":"<div class=\" vc_custom_1638998073226\">\n<div id=\"text-block-10\" class=\"mk-text-block \">\n<p class=\"p1\">Notre coin ext\u00e9rieur \u00e0 2 sections C004XL est con\u00e7u pour donner \u00e0 votre panneau James Hardie la finition de qualit\u00e9 et la robustesse que votre rev\u00eatement de maison devrait avoir. En utilisant le coin en 2 morceaux, votre installation sera plus rapide.<\/p>\n<h3>Sp\u00e9cifications techniques<\/h3>\n<\/div>\n<\/div>\n<ul>\n<li>Longueur : 3,048 m (120 po)<\/li>\n<li>\u00c9paisseur : 1,4 mm<\/li>\n<li>Mat\u00e9riau : Aluminium extrud\u00e9 6360-T5<\/li>\n<li>Peinture : PPG AAMA 2604<\/li>\n<li>Certification LEED\u00ae Canada v4<\/li>\n<li>Garantie limit\u00e9e : 20 ans<\/li>\n<li>Fait au Qu\u00e9bec<\/li>\n<\/ul>\n","protected":false},"excerpt":{"rendered":"<p>Coin ext\u00e9rieur clip pour panneaux en fibrociment 5\/16 po<\/p>\n","protected":false},"featured_media":24919,"template":"","meta":{"inline_featured_image":false,"cybocfi_hide_featured_image":""},"product_brand":[],"product_cat":[188,80],"product_tag":[],"class_list":{"0":"post-24388","1":"product","2":"type-product","3":"status-publish","4":"has-post-thumbnail","6":"product_cat-moulure-5-16-complementaire","7":"product_cat-moulure-panneau-5-16","10":"first","11":"instock","12":"taxable","13":"shipping-taxable","14":"purchasable","15":"product-type-variable"},"jetpack_sharing_enabled":true,"_links":{"self":[{"href":"https:\/\/lighttrim.com\/fr\/wp-json\/wp\/v2\/product\/24388","targetHints":{"allow":["GET"]}}],"collection":[{"href":"https:\/\/lighttrim.com\/fr\/wp-json\/wp\/v2\/product"}],"about":[{"href":"https:\/\/lighttrim.com\/fr\/wp-json\/wp\/v2\/types\/product"}],"wp:featuredmedia":[{"embeddable":true,"href":"https:\/\/lighttrim.com\/fr\/wp-json\/wp\/v2\/media\/24919"}],"wp:attachment":[{"href":"https:\/\/lighttrim.com\/fr\/wp-json\/wp\/v2\/media?parent=24388"}],"wp:term":[{"taxonomy":"product_brand","embeddable":true,"href":"https:\/\/lighttrim.com\/fr\/wp-json\/wp\/v2\/product_brand?post=24388"},{"taxonomy":"product_cat","embeddable":true,"href":"https:\/\/lighttrim.com\/fr\/wp-json\/wp\/v2\/product_cat?post=24388"},{"taxonomy":"product_tag","embeddable":true,"href":"https:\/\/lighttrim.com\/fr\/wp-json\/wp\/v2\/product_tag?post=24388"}],"curies":[{"name":"wp","href":"https:\/\/api.w.org\/{rel}","templated":true}]}}