{"id":7290,"date":"2022-09-01T08:51:12","date_gmt":"2022-09-01T13:51:12","guid":{"rendered":"https:\/\/lighttrim.com\/?post_type=product&#038;p=7290"},"modified":"2024-11-14T14:25:11","modified_gmt":"2024-11-14T19:25:11","slug":"moulure-james-hardie-v299-xl-light-trim-revetement-fibrociment","status":"publish","type":"product","link":"https:\/\/lighttrim.com\/fr\/produit\/moulure-james-hardie-v299-xl-light-trim-revetement-fibrociment\/","title":{"rendered":"V299XL SHADOW XL"},"content":{"rendered":"<div class=\"clearboth\">\n<div class=\" vc_custom_1638998073226\">\n<div id=\"text-block-10\" class=\"mk-text-block \">\n<p class=\"p1\">Notre ligne vertical V299XL Shadow est la moulures la plus couvrante et ajustable de notre collection. Fait en 2 morceaux , elle permet une installation simple et rapide des panneaux de fibrociment HardiePanel. Le silence de 1\/4 de pouces offre une l\u00e9g\u00e8re ombrage afin de g\u00e9n\u00e9rer des lignes pures. Ajustable entre 5\/16 et 1\/2 pouces.<\/p>\n<h3>Sp\u00e9cifications techniques<\/h3>\n<\/div>\n<\/div>\n<\/div>\n<ul>\n<li>Longueur : 3,048 m (120 po)<\/li>\n<li>\u00c9paisseur : 1,4 mm<\/li>\n<li>Mat\u00e9riau : Aluminium extrud\u00e9 6360-T5<\/li>\n<li>Peinture : PPG AAMA 2604<\/li>\n<li>Certification LEED\u00ae Canada v4<\/li>\n<li>Garantie limit\u00e9e : 20 ans<\/li>\n<li>Fait au Qu\u00e9bec<\/li>\n<\/ul>\n","protected":false},"excerpt":{"rendered":"<div class=\" vc_custom_1643130618396\">\n<div id=\"text-block-5\" class=\"mk-text-block \">\n<p>Verticale clip pour panneaux 5\/16 po \u00e0 1\/2 po<\/p>\n<\/div>\n<\/div>\n","protected":false},"featured_media":4998,"template":"","meta":{"inline_featured_image":false,"cybocfi_hide_featured_image":""},"product_brand":[],"product_cat":[318],"product_tag":[],"class_list":{"0":"post-7290","1":"product","2":"type-product","3":"status-publish","4":"has-post-thumbnail","6":"product_cat-moulures-7-16-1-2","9":"first","10":"instock","11":"taxable","12":"shipping-taxable","13":"purchasable","14":"product-type-variable"},"jetpack_sharing_enabled":true,"_links":{"self":[{"href":"https:\/\/lighttrim.com\/fr\/wp-json\/wp\/v2\/product\/7290","targetHints":{"allow":["GET"]}}],"collection":[{"href":"https:\/\/lighttrim.com\/fr\/wp-json\/wp\/v2\/product"}],"about":[{"href":"https:\/\/lighttrim.com\/fr\/wp-json\/wp\/v2\/types\/product"}],"wp:featuredmedia":[{"embeddable":true,"href":"https:\/\/lighttrim.com\/fr\/wp-json\/wp\/v2\/media\/4998"}],"wp:attachment":[{"href":"https:\/\/lighttrim.com\/fr\/wp-json\/wp\/v2\/media?parent=7290"}],"wp:term":[{"taxonomy":"product_brand","embeddable":true,"href":"https:\/\/lighttrim.com\/fr\/wp-json\/wp\/v2\/product_brand?post=7290"},{"taxonomy":"product_cat","embeddable":true,"href":"https:\/\/lighttrim.com\/fr\/wp-json\/wp\/v2\/product_cat?post=7290"},{"taxonomy":"product_tag","embeddable":true,"href":"https:\/\/lighttrim.com\/fr\/wp-json\/wp\/v2\/product_tag?post=7290"}],"curies":[{"name":"wp","href":"https:\/\/api.w.org\/{rel}","templated":true}]}}