{"id":7294,"date":"2022-09-01T08:58:42","date_gmt":"2022-09-01T13:58:42","guid":{"rendered":"https:\/\/lighttrim.com\/?post_type=product&#038;p=7294"},"modified":"2023-03-08T16:20:37","modified_gmt":"2023-03-08T21:20:37","slug":"moulure-james-hardie-v904-light-trim-revetement-fibrociment","status":"publish","type":"product","link":"https:\/\/lighttrim.com\/fr\/produit\/moulure-james-hardie-v904-light-trim-revetement-fibrociment\/","title":{"rendered":"V904"},"content":{"rendered":"<div class=\" vc_custom_1649183875659\">\n<div id=\"text-block-10\" class=\"mk-text-block \">\n<p class=\"p1\">Notre coin ext\u00e9rieur V904 pour des angles entre 90\u00b0 et 160\u00b0 degr\u00e9s est sp\u00e9cialement con\u00e7u pour les panneaux en fibrociment HardiePanel. La forme en M sera la plus discr\u00e8te disponible.<\/p>\n<h3>Sp\u00e9cifications techniques<\/h3>\n<\/div>\n<\/div>\n<ul>\n<li>Longueur : 3,048 m (120 po)<\/li>\n<li>\u00c9paisseur : 1,4 mm<\/li>\n<li>Mat\u00e9riau : Aluminium extrud\u00e9 6360-T5<\/li>\n<li>Peinture : PPG AAMA 2604<\/li>\n<li>Certification LEED\u00ae Canada v4<\/li>\n<li>Garantie limit\u00e9e : 20 ans<\/li>\n<li>Fait au Qu\u00e9bec<\/li>\n<\/ul>\n","protected":false},"excerpt":{"rendered":"<p>Coin ext\u00e9rieur \u00e0 angle variable de 90\u00b0 \u00e0 160\u00b0 pour panneaux en fibrociment 5\/16 po<\/p>\n","protected":false},"featured_media":4996,"template":"","meta":{"inline_featured_image":false,"cybocfi_hide_featured_image":""},"product_brand":[],"product_cat":[188,80],"product_tag":[],"class_list":{"0":"post-7294","1":"product","2":"type-product","3":"status-publish","4":"has-post-thumbnail","6":"product_cat-moulure-5-16-complementaire","7":"product_cat-moulure-panneau-5-16","10":"first","11":"instock","12":"taxable","13":"shipping-taxable","14":"purchasable","15":"product-type-variable"},"jetpack_sharing_enabled":true,"_links":{"self":[{"href":"https:\/\/lighttrim.com\/fr\/wp-json\/wp\/v2\/product\/7294","targetHints":{"allow":["GET"]}}],"collection":[{"href":"https:\/\/lighttrim.com\/fr\/wp-json\/wp\/v2\/product"}],"about":[{"href":"https:\/\/lighttrim.com\/fr\/wp-json\/wp\/v2\/types\/product"}],"wp:featuredmedia":[{"embeddable":true,"href":"https:\/\/lighttrim.com\/fr\/wp-json\/wp\/v2\/media\/4996"}],"wp:attachment":[{"href":"https:\/\/lighttrim.com\/fr\/wp-json\/wp\/v2\/media?parent=7294"}],"wp:term":[{"taxonomy":"product_brand","embeddable":true,"href":"https:\/\/lighttrim.com\/fr\/wp-json\/wp\/v2\/product_brand?post=7294"},{"taxonomy":"product_cat","embeddable":true,"href":"https:\/\/lighttrim.com\/fr\/wp-json\/wp\/v2\/product_cat?post=7294"},{"taxonomy":"product_tag","embeddable":true,"href":"https:\/\/lighttrim.com\/fr\/wp-json\/wp\/v2\/product_tag?post=7294"}],"curies":[{"name":"wp","href":"https:\/\/api.w.org\/{rel}","templated":true}]}}