{"id":7320,"date":"2022-09-01T11:43:53","date_gmt":"2022-09-01T16:43:53","guid":{"rendered":"https:\/\/lighttrim.com\/?post_type=product&#038;p=7320"},"modified":"2023-03-07T13:57:32","modified_gmt":"2023-03-07T18:57:32","slug":"moulure-james-hardie-v124-bold-light-trim-revetement-fibrociment","status":"publish","type":"product","link":"https:\/\/lighttrim.com\/fr\/produit\/moulure-james-hardie-v124-bold-light-trim-revetement-fibrociment\/","title":{"rendered":"V124 BOLD"},"content":{"rendered":"<p class=\"p1\">Notre coin ext\u00e9rieur V124 BOLD en forme de V pour les planches en fibrociment HardiePlank vous offre la rigidit\u00e9 n\u00e9cessaire aux impacts.<\/p>\n<h3>Sp\u00e9cification techniques<\/h3>\n<ul>\n<li>Longueur : 3,048 m (120 po)<\/li>\n<li>\u00c9paisseur : 1,4 mm<\/li>\n<li>Mat\u00e9riau : Aluminium extrud\u00e9 6360-T5<\/li>\n<li>Peinture : PPG AAMA 2604<\/li>\n<li>Certification LEED\u00ae Canada v4<\/li>\n<li>Garantie limit\u00e9e : 20 ans<\/li>\n<li>Fait au Qu\u00e9bec<\/li>\n<\/ul>\n","protected":false},"excerpt":{"rendered":"<p>Coin ext\u00e9rieur BOLD pour d\u00e9clin 3\/4 po<\/p>\n","protected":false},"featured_media":5078,"template":"","meta":{"inline_featured_image":false,"cybocfi_hide_featured_image":""},"product_brand":[],"product_cat":[82],"product_tag":[],"class_list":{"0":"post-7320","1":"product","2":"type-product","3":"status-publish","4":"has-post-thumbnail","6":"product_cat-moulures-pour-declin-3-4","9":"first","10":"instock","11":"taxable","12":"shipping-taxable","13":"purchasable","14":"product-type-variable"},"jetpack_sharing_enabled":true,"_links":{"self":[{"href":"https:\/\/lighttrim.com\/fr\/wp-json\/wp\/v2\/product\/7320","targetHints":{"allow":["GET"]}}],"collection":[{"href":"https:\/\/lighttrim.com\/fr\/wp-json\/wp\/v2\/product"}],"about":[{"href":"https:\/\/lighttrim.com\/fr\/wp-json\/wp\/v2\/types\/product"}],"wp:featuredmedia":[{"embeddable":true,"href":"https:\/\/lighttrim.com\/fr\/wp-json\/wp\/v2\/media\/5078"}],"wp:attachment":[{"href":"https:\/\/lighttrim.com\/fr\/wp-json\/wp\/v2\/media?parent=7320"}],"wp:term":[{"taxonomy":"product_brand","embeddable":true,"href":"https:\/\/lighttrim.com\/fr\/wp-json\/wp\/v2\/product_brand?post=7320"},{"taxonomy":"product_cat","embeddable":true,"href":"https:\/\/lighttrim.com\/fr\/wp-json\/wp\/v2\/product_cat?post=7320"},{"taxonomy":"product_tag","embeddable":true,"href":"https:\/\/lighttrim.com\/fr\/wp-json\/wp\/v2\/product_tag?post=7320"}],"curies":[{"name":"wp","href":"https:\/\/api.w.org\/{rel}","templated":true}]}}