{"id":7347,"date":"2022-09-02T11:27:56","date_gmt":"2022-09-02T16:27:56","guid":{"rendered":"https:\/\/lighttrim.com\/?post_type=product&#038;p=7347"},"modified":"2023-03-07T14:30:18","modified_gmt":"2023-03-07T19:30:18","slug":"moulure-james-hardie-s002-light-trim-revetement-fibrociment","status":"publish","type":"product","link":"https:\/\/lighttrim.com\/fr\/produit\/moulure-james-hardie-s002-light-trim-revetement-fibrociment\/","title":{"rendered":"S002"},"content":{"rendered":"<div class=\" vc_custom_1638993355855\">\n<div id=\"text-block-10\" class=\"mk-text-block \">\n<p class=\"p1\">Notre moulure S002 est id\u00e9ale pour vos fascia et la bande de d\u00e9part de votre rev\u00eatement.<\/p>\n<h3>Sp\u00e9cifications techniques<\/h3>\n<\/div>\n<\/div>\n<ul>\n<li>Longueur : 3,048 m (120 po)<\/li>\n<li>\u00c9paisseur : 1,4 mm<\/li>\n<li>Mat\u00e9riau : Aluminium extrud\u00e9 6360-T5<\/li>\n<li>Peinture : PPG AAMA 2604<\/li>\n<li>Certification LEED\u00ae Canada v4<\/li>\n<li>Garantie limit\u00e9e : 20 ans<\/li>\n<li>Fait au Qu\u00e9bec<\/li>\n<\/ul>\n","protected":false},"excerpt":{"rendered":"<div class=\" vc_custom_1620065898288\">\n<div id=\"text-block-5\" class=\"mk-text-block \">\n<p>Solin de d\u00e9part pour panneaux 5\/16 po ou d\u00e9clin 3\/4 po<\/p>\n<\/div>\n<\/div>\n","protected":false},"featured_media":5149,"template":"","meta":{"inline_featured_image":false,"cybocfi_hide_featured_image":""},"product_brand":[],"product_cat":[86],"product_tag":[],"class_list":{"0":"post-7347","1":"product","2":"type-product","3":"status-publish","4":"has-post-thumbnail","6":"product_cat-solin-et-moulures-de-transition-3-4-5-16-po","9":"first","10":"instock","11":"taxable","12":"shipping-taxable","13":"purchasable","14":"product-type-variable"},"jetpack_sharing_enabled":true,"_links":{"self":[{"href":"https:\/\/lighttrim.com\/fr\/wp-json\/wp\/v2\/product\/7347","targetHints":{"allow":["GET"]}}],"collection":[{"href":"https:\/\/lighttrim.com\/fr\/wp-json\/wp\/v2\/product"}],"about":[{"href":"https:\/\/lighttrim.com\/fr\/wp-json\/wp\/v2\/types\/product"}],"wp:featuredmedia":[{"embeddable":true,"href":"https:\/\/lighttrim.com\/fr\/wp-json\/wp\/v2\/media\/5149"}],"wp:attachment":[{"href":"https:\/\/lighttrim.com\/fr\/wp-json\/wp\/v2\/media?parent=7347"}],"wp:term":[{"taxonomy":"product_brand","embeddable":true,"href":"https:\/\/lighttrim.com\/fr\/wp-json\/wp\/v2\/product_brand?post=7347"},{"taxonomy":"product_cat","embeddable":true,"href":"https:\/\/lighttrim.com\/fr\/wp-json\/wp\/v2\/product_cat?post=7347"},{"taxonomy":"product_tag","embeddable":true,"href":"https:\/\/lighttrim.com\/fr\/wp-json\/wp\/v2\/product_tag?post=7347"}],"curies":[{"name":"wp","href":"https:\/\/api.w.org\/{rel}","templated":true}]}}