{"id":7363,"date":"2022-09-02T13:06:51","date_gmt":"2022-09-02T18:06:51","guid":{"rendered":"https:\/\/lighttrim.com\/?post_type=product&#038;p=7363"},"modified":"2025-05-09T11:05:16","modified_gmt":"2025-05-09T16:05:16","slug":"vis-de-couleur-lighttrim-nickelees-latte-bois","status":"publish","type":"product","link":"https:\/\/lighttrim.com\/fr\/produit\/vis-de-couleur-lighttrim-nickelees-latte-bois\/","title":{"rendered":"Vis de couleur Light Trim #8 &#8211; Type S (Bois) &#8211; Nickel &#8211; T\u00eate Phillips"},"content":{"rendered":"<p>Notre vis de couleur avec une protection de nickel pour latte de bois, vous offre la meilleure solution pour votre rev\u00eatement HardiePanel de James Hardie. La t\u00eate de la vis tr\u00e8s mince, fais de celle-ci la plus discr\u00e8te.<\/p>\n<ul>\n<li>Diam\u00e8tre #8<\/li>\n<li>Embout Phillips #2 (T\u00eate cruciforme)<\/li>\n<li>Vis nickel\u00e9es<\/li>\n<li>Pour latte de bois<\/li>\n<li>Bo\u00eete de 250<\/li>\n<li>Code de produit : VFCS<\/li>\n<\/ul>\n","protected":false},"excerpt":{"rendered":"<p>Notre vis de couleur avec une protection de nickel pour latte de bois, vous offre la meilleure solution pour votre rev\u00eatement HardiePanel de James Hardie. La t\u00eate de la vis tr\u00e8s mince, fais de celle-ci la plus discr\u00e8te. Diam\u00e8tre #8 Embout Phillips #2 (T\u00eate cruciforme) Vis nickel\u00e9es Pour latte de bois Bo\u00eete de 250 Code de produit : VFCS<\/p>\n","protected":false},"featured_media":9090,"template":"","meta":{"inline_featured_image":false,"cybocfi_hide_featured_image":""},"product_brand":[],"product_cat":[90,88],"product_tag":[],"class_list":{"0":"post-7363","1":"product","2":"type-product","3":"status-publish","4":"has-post-thumbnail","6":"product_cat-attaches-et-outils","7":"product_cat-vis-pour-hardie-panel","10":"first","11":"instock","12":"taxable","13":"shipping-taxable","14":"purchasable","15":"product-type-variable"},"jetpack_sharing_enabled":true,"_links":{"self":[{"href":"https:\/\/lighttrim.com\/fr\/wp-json\/wp\/v2\/product\/7363","targetHints":{"allow":["GET"]}}],"collection":[{"href":"https:\/\/lighttrim.com\/fr\/wp-json\/wp\/v2\/product"}],"about":[{"href":"https:\/\/lighttrim.com\/fr\/wp-json\/wp\/v2\/types\/product"}],"wp:featuredmedia":[{"embeddable":true,"href":"https:\/\/lighttrim.com\/fr\/wp-json\/wp\/v2\/media\/9090"}],"wp:attachment":[{"href":"https:\/\/lighttrim.com\/fr\/wp-json\/wp\/v2\/media?parent=7363"}],"wp:term":[{"taxonomy":"product_brand","embeddable":true,"href":"https:\/\/lighttrim.com\/fr\/wp-json\/wp\/v2\/product_brand?post=7363"},{"taxonomy":"product_cat","embeddable":true,"href":"https:\/\/lighttrim.com\/fr\/wp-json\/wp\/v2\/product_cat?post=7363"},{"taxonomy":"product_tag","embeddable":true,"href":"https:\/\/lighttrim.com\/fr\/wp-json\/wp\/v2\/product_tag?post=7363"}],"curies":[{"name":"wp","href":"https:\/\/api.w.org\/{rel}","templated":true}]}}