{"id":7364,"date":"2022-09-02T13:09:29","date_gmt":"2022-09-02T18:09:29","guid":{"rendered":"https:\/\/lighttrim.com\/?post_type=product&#038;p=7364"},"modified":"2023-04-24T11:58:10","modified_gmt":"2023-04-24T16:58:10","slug":"vis-de-declin-en-fibrociment-lighttrim-pour-latte-de-bois","status":"publish","type":"product","link":"https:\/\/lighttrim.com\/fr\/produit\/vis-de-declin-en-fibrociment-lighttrim-pour-latte-de-bois\/","title":{"rendered":"Vis de d\u00e9clin en fibrociment pour latte de bois"},"content":{"rendered":"<p class=\"p1\">Notre vis de d\u00e9clin en fibrociment pour latte de bois offre la meilleure solution pour l&#8217;installation de votre rev\u00eatement James Hardie, HardiePlank\u00ae. La protection anti-corrosion Rustpro\u00ae prot\u00e8geras longtemps votre rev\u00eatement.<\/p>\n<ul>\n<li>Diam\u00e8tre #8<\/li>\n<li>Embout Philips #2 (T\u00eate cruciforme)<\/li>\n<li>Vis avec rev\u00eatement Ruspro\u00ae<\/li>\n<li>Pour latte de bois<\/li>\n<li>Bo\u00eete de 250<\/li>\n<li>Code de Produit : VFCLS8<\/li>\n<\/ul>\n","protected":false},"excerpt":{"rendered":"<p>Notre vis de d\u00e9clin en fibrociment pour latte de bois offre la meilleure solution pour l&#8217;installation de votre rev\u00eatement James Hardie, HardiePlank\u00ae. La protection anti-corrosion Rustpro\u00ae prot\u00e8geras longtemps votre rev\u00eatement. Diam\u00e8tre #8 Embout Philips #2 (T\u00eate cruciforme) Vis avec rev\u00eatement Ruspro\u00ae Pour latte de bois Bo\u00eete de 250 Code de Produit : VFCLS8<\/p>\n","protected":false},"featured_media":9086,"template":"","meta":{"inline_featured_image":false,"cybocfi_hide_featured_image":""},"product_brand":[],"product_cat":[90,89],"product_tag":[],"class_list":{"0":"post-7364","1":"product","2":"type-product","3":"status-publish","4":"has-post-thumbnail","6":"product_cat-attaches-et-outils","7":"product_cat-vis-et-clous-pour-hardieplank","10":"first","11":"instock","12":"taxable","13":"shipping-taxable","14":"purchasable","15":"product-type-variable"},"jetpack_sharing_enabled":true,"_links":{"self":[{"href":"https:\/\/lighttrim.com\/fr\/wp-json\/wp\/v2\/product\/7364","targetHints":{"allow":["GET"]}}],"collection":[{"href":"https:\/\/lighttrim.com\/fr\/wp-json\/wp\/v2\/product"}],"about":[{"href":"https:\/\/lighttrim.com\/fr\/wp-json\/wp\/v2\/types\/product"}],"wp:featuredmedia":[{"embeddable":true,"href":"https:\/\/lighttrim.com\/fr\/wp-json\/wp\/v2\/media\/9086"}],"wp:attachment":[{"href":"https:\/\/lighttrim.com\/fr\/wp-json\/wp\/v2\/media?parent=7364"}],"wp:term":[{"taxonomy":"product_brand","embeddable":true,"href":"https:\/\/lighttrim.com\/fr\/wp-json\/wp\/v2\/product_brand?post=7364"},{"taxonomy":"product_cat","embeddable":true,"href":"https:\/\/lighttrim.com\/fr\/wp-json\/wp\/v2\/product_cat?post=7364"},{"taxonomy":"product_tag","embeddable":true,"href":"https:\/\/lighttrim.com\/fr\/wp-json\/wp\/v2\/product_tag?post=7364"}],"curies":[{"name":"wp","href":"https:\/\/api.w.org\/{rel}","templated":true}]}}