{"id":7367,"date":"2022-09-02T13:13:53","date_gmt":"2022-09-02T18:13:53","guid":{"rendered":"https:\/\/lighttrim.com\/?post_type=product&#038;p=7367"},"modified":"2025-09-09T08:12:54","modified_gmt":"2025-09-09T13:12:54","slug":"fusil-a-clous-etf-panelfast-modele-510a","status":"publish","type":"product","link":"https:\/\/lighttrim.com\/fr\/produit\/fusil-a-clous-etf-panelfast-modele-510a\/","title":{"rendered":"Fusil \u00e0 clous ET&#038;F Panelfast mod\u00e8le 510A"},"content":{"rendered":"<ul>\n<li>Sp\u00e9cifications des clous : 1 1\/2\u201d \u2013 2\u201d \u2013 2 1\/2\u201dpo<\/li>\n<li>Poids : 5.5 lbs<\/li>\n<li>Pression : 90 \u2013 120 psi<\/li>\n<li>\u00c9galement disponible \u00e0 la location.<\/li>\n<li>GETF510A<\/li>\n<li>Clous vendu s\u00e9par\u00e9ment<\/li>\n<\/ul>\n<p><a href=\"https:\/\/lighttrim.com\/wp-content\/uploads\/2023\/06\/ETF510_Lighttrim.pdf\" target=\"_blank\" rel=\"noopener\">\u2013&gt;T\u00e9l\u00e9charger PDF ET&amp;F 510A<\/a><\/p>\n","protected":false},"excerpt":{"rendered":"<p>Sp\u00e9cifications des clous : 1 1\/2\u201d \u2013 2\u201d \u2013 2 1\/2\u201dpo Poids : 5.5 lbs Pression : 90 \u2013 120 psi \u00c9galement disponible \u00e0 la location. GETF510A Clous vendu s\u00e9par\u00e9ment \u2013&gt;T\u00e9l\u00e9charger PDF ET&amp;F 510A<\/p>\n","protected":false},"featured_media":18155,"template":"","meta":{"inline_featured_image":false,"cybocfi_hide_featured_image":""},"product_brand":[],"product_cat":[90,256],"product_tag":[],"class_list":{"0":"post-7367","1":"product","2":"type-product","3":"status-publish","4":"has-post-thumbnail","6":"product_cat-attaches-et-outils","7":"product_cat-cloueuses","10":"first","11":"instock","12":"taxable","13":"shipping-taxable","14":"purchasable","15":"product-type-simple"},"jetpack_sharing_enabled":true,"_links":{"self":[{"href":"https:\/\/lighttrim.com\/fr\/wp-json\/wp\/v2\/product\/7367","targetHints":{"allow":["GET"]}}],"collection":[{"href":"https:\/\/lighttrim.com\/fr\/wp-json\/wp\/v2\/product"}],"about":[{"href":"https:\/\/lighttrim.com\/fr\/wp-json\/wp\/v2\/types\/product"}],"wp:featuredmedia":[{"embeddable":true,"href":"https:\/\/lighttrim.com\/fr\/wp-json\/wp\/v2\/media\/18155"}],"wp:attachment":[{"href":"https:\/\/lighttrim.com\/fr\/wp-json\/wp\/v2\/media?parent=7367"}],"wp:term":[{"taxonomy":"product_brand","embeddable":true,"href":"https:\/\/lighttrim.com\/fr\/wp-json\/wp\/v2\/product_brand?post=7367"},{"taxonomy":"product_cat","embeddable":true,"href":"https:\/\/lighttrim.com\/fr\/wp-json\/wp\/v2\/product_cat?post=7367"},{"taxonomy":"product_tag","embeddable":true,"href":"https:\/\/lighttrim.com\/fr\/wp-json\/wp\/v2\/product_tag?post=7367"}],"curies":[{"name":"wp","href":"https:\/\/api.w.org\/{rel}","templated":true}]}}